{"id":2071,"date":"2019-11-23T14:41:07","date_gmt":"2019-11-23T13:41:07","guid":{"rendered":"http:\/\/codesupply.co\/?page_id=2071"},"modified":"2022-06-14T22:12:10","modified_gmt":"2022-06-14T20:12:10","slug":"about","status":"publish","type":"page","link":"https:\/\/claudeviolante.com\/index.php\/about\/","title":{"rendered":"About"},"content":{"rendered":"<p><\/p>\n\n\n<\/p>\n<p><img decoding=\"async\" style=\"color: var( --e-global-color-text ); font-family: var( --e-global-typography-text-font-family ), Sans-serif; font-weight: var( --e-global-typography-text-font-weight ); font-size: var(--cs-font-post-content-size); letter-spacing: var(--cs-font-post-content-letter-spacing); font-style: var(--cs-font-base-style);\" src=\"http:\/\/qhgblgd.cluster031.hosting.ovh.net\/wp-content\/uploads\/2022\/05\/Bio-1024x829.jpg\" alt=\"\"><\/p>\n<p>\n\n\n<p>\u00a0<\/p>\n<p>Claude Violante is a French producer, composer and singer of Argentinean origin, born and based in Paris. Her influences range from electronic music to the American R&rsquo;n&rsquo;B of the 90s. Synthesizers, sequencers, samplers: machines are at the heart of her creative process. Under the name of Claude Violante, she is celebrated by Billboard, Stereogum, Kombini, Lib\u00e9ration, Les Inrocks or Radio Nova at the release of each of her EPs.<br \/>Initially attracted to cinema, she graduated from the University of Paris VII in film studies. Images remain a powerful source of inspiration for her and Herm\u00e8s, Lancaster, Hugo Boss or Arte quickly call upon her for the soundtracking of both mainstream advertisements and demanding independent films. A gifted self-taught artist, Claude Violante is involved in knowledge sharing and open-source teaching. She regularly enriches her work by collaborating with artists from creative fields related to music such as photography, graphic design or literature.<\/p>\n<p><br \/><em>Claude Violante est une productrice, compositrice et chanteuse fran\u00e7aise d\u2019origine <\/em><em>argentine n\u00e9e et bas\u00e9e \u00e0 Paris. Ses influences s\u2019\u00e9tendent de la musique \u00e9lectronique au <\/em><em>R\u2019n\u2019B am\u00e9ricain des ann\u00e9es 90. Synth\u00e9tiseurs, s\u00e9quenceurs, sampleurs, les machines sont <\/em><em>au c\u0153ur de son processus cr\u00e9atif. Sous le nom de Claude Violante, elle est <\/em><em>c\u00e9l\u00e9br\u00e9e par Billboard, Stereogum, Kombini, Lib\u00e9ration, les Inrocks ou Radio Nova \u00e0 la sortie de<\/em><br \/><em>chacun de ses EP. D\u2019abord <\/em><em>attir\u00e9e par le cin\u00e9ma, elle est dipl\u00f4m\u00e9e de l\u2019Universit\u00e9 de Paris VII en \u00e9tudes <\/em><em>cin\u00e9matographiques. Les images restent pour elle une source d\u2019inspiration puissante et <\/em><em>Herm\u00e8s, Lancaster, Hugo Boss ou Arte font rapidement appel \u00e0 elle pour <\/em><em>l\u2019habillage sonore de publicit\u00e9s grand public comme de films ind\u00e9pendants exigeants. <\/em><em>Autodidacte surdou\u00e9e, Claude Violante s\u2019implique dans le partage des connaissances et la <\/em><em>p\u00e9dagogie open-source. Elle enrichit r\u00e9guli\u00e8rement son travail de collaborations avec des<\/em><br \/><em>artistes issus de champs cr\u00e9atifs connexes \u00e0 la musique tels que la photographie, le <\/em><em>graphisme ou la litt\u00e9rature.<\/em><\/p>","protected":false},"excerpt":{"rendered":"\u00a0 Claude Violante is a French producer, composer and singer of Argentinean origin, born and based in Paris.&hellip;\n","protected":false},"author":1,"featured_media":0,"parent":0,"menu_order":0,"comment_status":"closed","ping_status":"closed","template":"","meta":{"csco_display_header_overlay":false,"csco_page_header_type":"","csco_page_load_nextpost":"","csco_post_video_location":[],"csco_post_video_location_hash":"","csco_post_video_url":"","csco_post_video_bg_start_time":0,"csco_post_video_bg_end_time":0,"footnotes":""},"class_list":{"0":"post-2071","1":"page","2":"type-page","3":"status-publish","5":"cs-entry","6":"cs-video-wrap"},"_links":{"self":[{"href":"https:\/\/claudeviolante.com\/index.php\/wp-json\/wp\/v2\/pages\/2071","targetHints":{"allow":["GET"]}}],"collection":[{"href":"https:\/\/claudeviolante.com\/index.php\/wp-json\/wp\/v2\/pages"}],"about":[{"href":"https:\/\/claudeviolante.com\/index.php\/wp-json\/wp\/v2\/types\/page"}],"author":[{"embeddable":true,"href":"https:\/\/claudeviolante.com\/index.php\/wp-json\/wp\/v2\/users\/1"}],"replies":[{"embeddable":true,"href":"https:\/\/claudeviolante.com\/index.php\/wp-json\/wp\/v2\/comments?post=2071"}],"version-history":[{"count":22,"href":"https:\/\/claudeviolante.com\/index.php\/wp-json\/wp\/v2\/pages\/2071\/revisions"}],"predecessor-version":[{"id":2365,"href":"https:\/\/claudeviolante.com\/index.php\/wp-json\/wp\/v2\/pages\/2071\/revisions\/2365"}],"wp:attachment":[{"href":"https:\/\/claudeviolante.com\/index.php\/wp-json\/wp\/v2\/media?parent=2071"}],"curies":[{"name":"wp","href":"https:\/\/api.w.org\/{rel}","templated":true}]}}